{"id":8,"date":"2018-01-22T17:46:46","date_gmt":"2018-01-22T17:46:46","guid":{"rendered":"https:\/\/www.hdu.pt\/hdu\/?page_id=8"},"modified":"2026-02-27T17:57:20","modified_gmt":"2026-02-27T17:57:20","slug":"inicio","status":"publish","type":"page","link":"https:\/\/www.hdu.pt\/hdu\/inicio\/","title":{"rendered":"In\u00edcio"},"content":{"rendered":"\n<p class=\"has-text-align-center\">ESPECIALISTAS EM TODOS OS PRODUTOS REPARA\u00c7\u00c3O E CUIDADO DE CAL\u00c7ADO BOLSAS FABRICAMOS TODO TIPO DE CAL\u00c7ADO DE FOLCLORE + DE 8000 ARTIGOS EM STOCK<\/p>\n\n\n\n<p><\/p>\n\n\n\n<figure class=\"wp-block-gallery has-nested-images columns-default is-cropped wp-block-gallery-1 is-layout-flex wp-block-gallery-is-layout-flex\">\n<figure class=\"wp-block-image size-full\"><img loading=\"lazy\" decoding=\"async\" width=\"1024\" height=\"1024\" data-id=\"2049\" src=\"https:\/\/www.hdu.pt\/hdu\/wp-content\/uploads\/2023\/07\/cola-03-sem-fundo.jpg\" alt=\"\" class=\"wp-image-2049\" srcset=\"https:\/\/www.hdu.pt\/hdu\/wp-content\/uploads\/2023\/07\/cola-03-sem-fundo.jpg 1024w, https:\/\/www.hdu.pt\/hdu\/wp-content\/uploads\/2023\/07\/cola-03-sem-fundo-100x100.jpg 100w, https:\/\/www.hdu.pt\/hdu\/wp-content\/uploads\/2023\/07\/cola-03-sem-fundo-555x555.jpg 555w, https:\/\/www.hdu.pt\/hdu\/wp-content\/uploads\/2023\/07\/cola-03-sem-fundo-300x300.jpg 300w, https:\/\/www.hdu.pt\/hdu\/wp-content\/uploads\/2023\/07\/cola-03-sem-fundo-150x150.jpg 150w, https:\/\/www.hdu.pt\/hdu\/wp-content\/uploads\/2023\/07\/cola-03-sem-fundo-768x768.jpg 768w, https:\/\/www.hdu.pt\/hdu\/wp-content\/uploads\/2023\/07\/cola-03-sem-fundo-500x500.jpg 500w, https:\/\/www.hdu.pt\/hdu\/wp-content\/uploads\/2023\/07\/cola-03-sem-fundo-200x200.jpg 200w\" sizes=\"auto, (max-width: 1024px) 100vw, 1024px\" \/><figcaption class=\"wp-element-caption\">partiu? 03 repara<\/figcaption><\/figure>\n\n\n\n<figure class=\"wp-block-image size-full\"><img loading=\"lazy\" decoding=\"async\" width=\"1024\" height=\"1024\" data-id=\"2053\" src=\"https:\/\/www.hdu.pt\/hdu\/wp-content\/uploads\/2023\/07\/palmilha-sem-fundo.jpg\" alt=\"\" class=\"wp-image-2053\" srcset=\"https:\/\/www.hdu.pt\/hdu\/wp-content\/uploads\/2023\/07\/palmilha-sem-fundo.jpg 1024w, https:\/\/www.hdu.pt\/hdu\/wp-content\/uploads\/2023\/07\/palmilha-sem-fundo-100x100.jpg 100w, https:\/\/www.hdu.pt\/hdu\/wp-content\/uploads\/2023\/07\/palmilha-sem-fundo-555x555.jpg 555w, https:\/\/www.hdu.pt\/hdu\/wp-content\/uploads\/2023\/07\/palmilha-sem-fundo-300x300.jpg 300w, https:\/\/www.hdu.pt\/hdu\/wp-content\/uploads\/2023\/07\/palmilha-sem-fundo-150x150.jpg 150w, https:\/\/www.hdu.pt\/hdu\/wp-content\/uploads\/2023\/07\/palmilha-sem-fundo-768x768.jpg 768w, https:\/\/www.hdu.pt\/hdu\/wp-content\/uploads\/2023\/07\/palmilha-sem-fundo-500x500.jpg 500w, https:\/\/www.hdu.pt\/hdu\/wp-content\/uploads\/2023\/07\/palmilha-sem-fundo-200x200.jpg 200w\" sizes=\"auto, (max-width: 1024px) 100vw, 1024px\" \/><\/figure>\n\n\n\n<figure class=\"wp-block-image size-large\"><a href=\"http:\/\/SAPATOS FOLCLORE\"><img loading=\"lazy\" decoding=\"async\" width=\"600\" height=\"400\" data-id=\"139\" src=\"https:\/\/www.hdu.pt\/hdu\/wp-content\/uploads\/2018\/04\/MG_3412.jpg\" alt=\"\" class=\"wp-image-139\" srcset=\"https:\/\/www.hdu.pt\/hdu\/wp-content\/uploads\/2018\/04\/MG_3412.jpg 600w, https:\/\/www.hdu.pt\/hdu\/wp-content\/uploads\/2018\/04\/MG_3412-555x370.jpg 555w, https:\/\/www.hdu.pt\/hdu\/wp-content\/uploads\/2018\/04\/MG_3412-300x200.jpg 300w, https:\/\/www.hdu.pt\/hdu\/wp-content\/uploads\/2018\/04\/MG_3412-272x182.jpg 272w\" sizes=\"auto, (max-width: 600px) 100vw, 600px\" \/><\/a><\/figure>\n<\/figure>\n\n\n\n<p><\/p>\n","protected":false},"excerpt":{"rendered":"<p>ESPECIALISTAS EM TODOS OS PRODUTOS REPARA\u00c7\u00c3O E CUIDADO DE CAL\u00c7ADO BOLSAS FABRICAMOS TODO TIPO DE CAL\u00c7ADO DE FOLCLORE + DE 8000 ARTIGOS EM STOCK<\/p>\n","protected":false},"author":1,"featured_media":0,"parent":0,"menu_order":0,"comment_status":"closed","ping_status":"closed","template":"","meta":{"neve_meta_sidebar":"","neve_meta_container":"","neve_meta_enable_content_width":"","neve_meta_content_width":0,"neve_meta_title_alignment":"","neve_meta_author_avatar":"","neve_post_elements_order":"","neve_meta_disable_header":"","neve_meta_disable_footer":"","neve_meta_disable_title":"","footnotes":""},"class_list":["post-8","page","type-page","status-publish","hentry"],"_links":{"self":[{"href":"https:\/\/www.hdu.pt\/hdu\/wp-json\/wp\/v2\/pages\/8","targetHints":{"allow":["GET"]}}],"collection":[{"href":"https:\/\/www.hdu.pt\/hdu\/wp-json\/wp\/v2\/pages"}],"about":[{"href":"https:\/\/www.hdu.pt\/hdu\/wp-json\/wp\/v2\/types\/page"}],"author":[{"embeddable":true,"href":"https:\/\/www.hdu.pt\/hdu\/wp-json\/wp\/v2\/users\/1"}],"replies":[{"embeddable":true,"href":"https:\/\/www.hdu.pt\/hdu\/wp-json\/wp\/v2\/comments?post=8"}],"version-history":[{"count":6,"href":"https:\/\/www.hdu.pt\/hdu\/wp-json\/wp\/v2\/pages\/8\/revisions"}],"predecessor-version":[{"id":4431,"href":"https:\/\/www.hdu.pt\/hdu\/wp-json\/wp\/v2\/pages\/8\/revisions\/4431"}],"wp:attachment":[{"href":"https:\/\/www.hdu.pt\/hdu\/wp-json\/wp\/v2\/media?parent=8"}],"curies":[{"name":"wp","href":"https:\/\/api.w.org\/{rel}","templated":true}]}}