{"id":98,"date":"2018-04-06T11:47:35","date_gmt":"2018-04-06T11:47:35","guid":{"rendered":"https:\/\/www.hdu.pt\/hdu\/?page_id=98"},"modified":"2025-11-07T17:30:12","modified_gmt":"2025-11-07T17:30:12","slug":"sapatos-folclore","status":"publish","type":"page","link":"https:\/\/www.hdu.pt\/hdu\/sapatos-folclore\/","title":{"rendered":"Sapatos Folclore"},"content":{"rendered":"<div id=\"pl-98\"  class=\"panel-layout\" ><div id=\"pg-98-0\"  class=\"panel-grid panel-has-style\" ><div class=\"panel-row-style panel-row-style-for-98-0\" ><div id=\"pgc-98-0-0\"  class=\"panel-grid-cell\" ><div id=\"panel-98-0-0-0\" class=\"so-panel widget widget_sow-headline panel-first-child\" data-index=\"0\" ><div\n\t\t\t\n\t\t\tclass=\"so-widget-sow-headline so-widget-sow-headline-default-ea0af4cf39ae-98\"\n\t\t\t\n\t\t><div class=\"sow-headline-container \">\n\t<h1 class='sow-headline'>DESDE 1928 FABRICAMOS SAPATOS \u00c0 MEDIDA PARA FOLCLORE<\/h1>\t\t\t\t\t<div class=\"decoration\">\n\t\t\t\t\t\t<div class=\"decoration-inside\"><\/div>\n\t\t\t\t\t<\/div>\n\t\t\t\t\t<h3 class='sow-sub-headline'>Produ\u00e7\u00e3o de sapatos - Folclore - Sapatos e botas em series limitadas - Sapato para dan\u00e7a<\/h3><\/div>\n<\/div><\/div><div id=\"panel-98-0-0-1\" class=\"so-panel widget widget_media_gallery\" data-index=\"1\" ><div id='gallery-1' class='gallery galleryid-98 gallery-columns-3 gallery-size-full'><figure class='gallery-item'>\n\t\t\t<div class='gallery-icon landscape'>\n\t\t\t\t<img loading=\"lazy\" decoding=\"async\" width=\"600\" height=\"400\" src=\"https:\/\/www.hdu.pt\/hdu\/wp-content\/uploads\/2018\/04\/MG_3465.jpg\" class=\"attachment-full size-full\" alt=\"\" srcset=\"https:\/\/www.hdu.pt\/hdu\/wp-content\/uploads\/2018\/04\/MG_3465.jpg 600w, https:\/\/www.hdu.pt\/hdu\/wp-content\/uploads\/2018\/04\/MG_3465-555x370.jpg 555w, https:\/\/www.hdu.pt\/hdu\/wp-content\/uploads\/2018\/04\/MG_3465-300x200.jpg 300w, https:\/\/www.hdu.pt\/hdu\/wp-content\/uploads\/2018\/04\/MG_3465-272x182.jpg 272w\" sizes=\"auto, (max-width: 600px) 100vw, 600px\" \/>\n\t\t\t<\/div><\/figure><figure class='gallery-item'>\n\t\t\t<div class='gallery-icon landscape'>\n\t\t\t\t<img loading=\"lazy\" decoding=\"async\" width=\"600\" height=\"400\" src=\"https:\/\/www.hdu.pt\/hdu\/wp-content\/uploads\/2018\/04\/MG_3463.jpg\" class=\"attachment-full size-full\" alt=\"\" srcset=\"https:\/\/www.hdu.pt\/hdu\/wp-content\/uploads\/2018\/04\/MG_3463.jpg 600w, https:\/\/www.hdu.pt\/hdu\/wp-content\/uploads\/2018\/04\/MG_3463-555x370.jpg 555w, https:\/\/www.hdu.pt\/hdu\/wp-content\/uploads\/2018\/04\/MG_3463-300x200.jpg 300w, https:\/\/www.hdu.pt\/hdu\/wp-content\/uploads\/2018\/04\/MG_3463-272x182.jpg 272w\" sizes=\"auto, (max-width: 600px) 100vw, 600px\" \/>\n\t\t\t<\/div><\/figure><figure class='gallery-item'>\n\t\t\t<div class='gallery-icon landscape'>\n\t\t\t\t<img loading=\"lazy\" decoding=\"async\" width=\"600\" height=\"400\" src=\"https:\/\/www.hdu.pt\/hdu\/wp-content\/uploads\/2018\/04\/MG_3455.jpg\" class=\"attachment-full size-full\" alt=\"\" srcset=\"https:\/\/www.hdu.pt\/hdu\/wp-content\/uploads\/2018\/04\/MG_3455.jpg 600w, https:\/\/www.hdu.pt\/hdu\/wp-content\/uploads\/2018\/04\/MG_3455-555x370.jpg 555w, https:\/\/www.hdu.pt\/hdu\/wp-content\/uploads\/2018\/04\/MG_3455-300x200.jpg 300w, https:\/\/www.hdu.pt\/hdu\/wp-content\/uploads\/2018\/04\/MG_3455-272x182.jpg 272w\" sizes=\"auto, (max-width: 600px) 100vw, 600px\" \/>\n\t\t\t<\/div><\/figure><figure class='gallery-item'>\n\t\t\t<div class='gallery-icon landscape'>\n\t\t\t\t<img loading=\"lazy\" decoding=\"async\" width=\"600\" height=\"400\" src=\"https:\/\/www.hdu.pt\/hdu\/wp-content\/uploads\/2018\/04\/MG_3452.jpg\" class=\"attachment-full size-full\" alt=\"\" srcset=\"https:\/\/www.hdu.pt\/hdu\/wp-content\/uploads\/2018\/04\/MG_3452.jpg 600w, https:\/\/www.hdu.pt\/hdu\/wp-content\/uploads\/2018\/04\/MG_3452-555x370.jpg 555w, https:\/\/www.hdu.pt\/hdu\/wp-content\/uploads\/2018\/04\/MG_3452-300x200.jpg 300w, https:\/\/www.hdu.pt\/hdu\/wp-content\/uploads\/2018\/04\/MG_3452-272x182.jpg 272w\" sizes=\"auto, (max-width: 600px) 100vw, 600px\" \/>\n\t\t\t<\/div><\/figure><figure class='gallery-item'>\n\t\t\t<div class='gallery-icon landscape'>\n\t\t\t\t<img loading=\"lazy\" decoding=\"async\" width=\"600\" height=\"400\" src=\"https:\/\/www.hdu.pt\/hdu\/wp-content\/uploads\/2018\/04\/MG_3450.jpg\" class=\"attachment-full size-full\" alt=\"\" srcset=\"https:\/\/www.hdu.pt\/hdu\/wp-content\/uploads\/2018\/04\/MG_3450.jpg 600w, https:\/\/www.hdu.pt\/hdu\/wp-content\/uploads\/2018\/04\/MG_3450-555x370.jpg 555w, https:\/\/www.hdu.pt\/hdu\/wp-content\/uploads\/2018\/04\/MG_3450-300x200.jpg 300w, https:\/\/www.hdu.pt\/hdu\/wp-content\/uploads\/2018\/04\/MG_3450-272x182.jpg 272w\" sizes=\"auto, (max-width: 600px) 100vw, 600px\" \/>\n\t\t\t<\/div><\/figure><figure class='gallery-item'>\n\t\t\t<div class='gallery-icon landscape'>\n\t\t\t\t<img loading=\"lazy\" decoding=\"async\" width=\"600\" height=\"400\" src=\"https:\/\/www.hdu.pt\/hdu\/wp-content\/uploads\/2018\/04\/MG_3445.jpg\" class=\"attachment-full size-full\" alt=\"\" srcset=\"https:\/\/www.hdu.pt\/hdu\/wp-content\/uploads\/2018\/04\/MG_3445.jpg 600w, https:\/\/www.hdu.pt\/hdu\/wp-content\/uploads\/2018\/04\/MG_3445-555x370.jpg 555w, https:\/\/www.hdu.pt\/hdu\/wp-content\/uploads\/2018\/04\/MG_3445-300x200.jpg 300w, https:\/\/www.hdu.pt\/hdu\/wp-content\/uploads\/2018\/04\/MG_3445-272x182.jpg 272w\" sizes=\"auto, (max-width: 600px) 100vw, 600px\" \/>\n\t\t\t<\/div><\/figure><figure class='gallery-item'>\n\t\t\t<div class='gallery-icon landscape'>\n\t\t\t\t<img loading=\"lazy\" decoding=\"async\" width=\"600\" height=\"400\" src=\"https:\/\/www.hdu.pt\/hdu\/wp-content\/uploads\/2018\/04\/MG_3442.jpg\" class=\"attachment-full size-full\" alt=\"\" srcset=\"https:\/\/www.hdu.pt\/hdu\/wp-content\/uploads\/2018\/04\/MG_3442.jpg 600w, https:\/\/www.hdu.pt\/hdu\/wp-content\/uploads\/2018\/04\/MG_3442-555x370.jpg 555w, https:\/\/www.hdu.pt\/hdu\/wp-content\/uploads\/2018\/04\/MG_3442-300x200.jpg 300w, https:\/\/www.hdu.pt\/hdu\/wp-content\/uploads\/2018\/04\/MG_3442-272x182.jpg 272w\" sizes=\"auto, (max-width: 600px) 100vw, 600px\" \/>\n\t\t\t<\/div><\/figure><figure class='gallery-item'>\n\t\t\t<div class='gallery-icon landscape'>\n\t\t\t\t<img loading=\"lazy\" decoding=\"async\" width=\"600\" height=\"400\" src=\"https:\/\/www.hdu.pt\/hdu\/wp-content\/uploads\/2018\/04\/MG_3441-1.jpg\" class=\"attachment-full size-full\" alt=\"\" srcset=\"https:\/\/www.hdu.pt\/hdu\/wp-content\/uploads\/2018\/04\/MG_3441-1.jpg 600w, https:\/\/www.hdu.pt\/hdu\/wp-content\/uploads\/2018\/04\/MG_3441-1-555x370.jpg 555w, https:\/\/www.hdu.pt\/hdu\/wp-content\/uploads\/2018\/04\/MG_3441-1-300x200.jpg 300w, https:\/\/www.hdu.pt\/hdu\/wp-content\/uploads\/2018\/04\/MG_3441-1-272x182.jpg 272w\" sizes=\"auto, (max-width: 600px) 100vw, 600px\" \/>\n\t\t\t<\/div><\/figure><figure class='gallery-item'>\n\t\t\t<div class='gallery-icon landscape'>\n\t\t\t\t<img loading=\"lazy\" decoding=\"async\" width=\"583\" height=\"400\" src=\"https:\/\/www.hdu.pt\/hdu\/wp-content\/uploads\/2018\/04\/MG_3439.jpg\" class=\"attachment-full size-full\" alt=\"\" srcset=\"https:\/\/www.hdu.pt\/hdu\/wp-content\/uploads\/2018\/04\/MG_3439.jpg 583w, https:\/\/www.hdu.pt\/hdu\/wp-content\/uploads\/2018\/04\/MG_3439-555x381.jpg 555w, https:\/\/www.hdu.pt\/hdu\/wp-content\/uploads\/2018\/04\/MG_3439-300x206.jpg 300w\" sizes=\"auto, (max-width: 583px) 100vw, 583px\" \/>\n\t\t\t<\/div><\/figure><figure class='gallery-item'>\n\t\t\t<div class='gallery-icon landscape'>\n\t\t\t\t<img loading=\"lazy\" decoding=\"async\" width=\"600\" height=\"400\" src=\"https:\/\/www.hdu.pt\/hdu\/wp-content\/uploads\/2018\/04\/MG_3437.jpg\" class=\"attachment-full size-full\" alt=\"\" srcset=\"https:\/\/www.hdu.pt\/hdu\/wp-content\/uploads\/2018\/04\/MG_3437.jpg 600w, https:\/\/www.hdu.pt\/hdu\/wp-content\/uploads\/2018\/04\/MG_3437-555x370.jpg 555w, https:\/\/www.hdu.pt\/hdu\/wp-content\/uploads\/2018\/04\/MG_3437-300x200.jpg 300w, https:\/\/www.hdu.pt\/hdu\/wp-content\/uploads\/2018\/04\/MG_3437-272x182.jpg 272w\" sizes=\"auto, (max-width: 600px) 100vw, 600px\" \/>\n\t\t\t<\/div><\/figure><figure class='gallery-item'>\n\t\t\t<div class='gallery-icon landscape'>\n\t\t\t\t<img loading=\"lazy\" decoding=\"async\" width=\"600\" height=\"400\" src=\"https:\/\/www.hdu.pt\/hdu\/wp-content\/uploads\/2018\/04\/MG_3436-1.jpg\" class=\"attachment-full size-full\" alt=\"\" srcset=\"https:\/\/www.hdu.pt\/hdu\/wp-content\/uploads\/2018\/04\/MG_3436-1.jpg 600w, https:\/\/www.hdu.pt\/hdu\/wp-content\/uploads\/2018\/04\/MG_3436-1-555x370.jpg 555w, https:\/\/www.hdu.pt\/hdu\/wp-content\/uploads\/2018\/04\/MG_3436-1-300x200.jpg 300w, https:\/\/www.hdu.pt\/hdu\/wp-content\/uploads\/2018\/04\/MG_3436-1-272x182.jpg 272w\" sizes=\"auto, (max-width: 600px) 100vw, 600px\" \/>\n\t\t\t<\/div><\/figure><figure class='gallery-item'>\n\t\t\t<div class='gallery-icon landscape'>\n\t\t\t\t<img loading=\"lazy\" decoding=\"async\" width=\"600\" height=\"400\" src=\"https:\/\/www.hdu.pt\/hdu\/wp-content\/uploads\/2018\/04\/MG_3435.jpg\" class=\"attachment-full size-full\" alt=\"\" srcset=\"https:\/\/www.hdu.pt\/hdu\/wp-content\/uploads\/2018\/04\/MG_3435.jpg 600w, https:\/\/www.hdu.pt\/hdu\/wp-content\/uploads\/2018\/04\/MG_3435-555x370.jpg 555w, https:\/\/www.hdu.pt\/hdu\/wp-content\/uploads\/2018\/04\/MG_3435-300x200.jpg 300w, https:\/\/www.hdu.pt\/hdu\/wp-content\/uploads\/2018\/04\/MG_3435-272x182.jpg 272w\" sizes=\"auto, (max-width: 600px) 100vw, 600px\" \/>\n\t\t\t<\/div><\/figure><figure class='gallery-item'>\n\t\t\t<div class='gallery-icon landscape'>\n\t\t\t\t<img loading=\"lazy\" decoding=\"async\" width=\"600\" height=\"400\" src=\"https:\/\/www.hdu.pt\/hdu\/wp-content\/uploads\/2018\/04\/MG_3434.jpg\" class=\"attachment-full size-full\" alt=\"\" srcset=\"https:\/\/www.hdu.pt\/hdu\/wp-content\/uploads\/2018\/04\/MG_3434.jpg 600w, https:\/\/www.hdu.pt\/hdu\/wp-content\/uploads\/2018\/04\/MG_3434-555x370.jpg 555w, https:\/\/www.hdu.pt\/hdu\/wp-content\/uploads\/2018\/04\/MG_3434-300x200.jpg 300w, https:\/\/www.hdu.pt\/hdu\/wp-content\/uploads\/2018\/04\/MG_3434-272x182.jpg 272w\" sizes=\"auto, (max-width: 600px) 100vw, 600px\" \/>\n\t\t\t<\/div><\/figure><figure class='gallery-item'>\n\t\t\t<div class='gallery-icon landscape'>\n\t\t\t\t<img loading=\"lazy\" decoding=\"async\" width=\"600\" height=\"400\" src=\"https:\/\/www.hdu.pt\/hdu\/wp-content\/uploads\/2018\/04\/MG_3427.jpg\" class=\"attachment-full size-full\" alt=\"\" srcset=\"https:\/\/www.hdu.pt\/hdu\/wp-content\/uploads\/2018\/04\/MG_3427.jpg 600w, https:\/\/www.hdu.pt\/hdu\/wp-content\/uploads\/2018\/04\/MG_3427-555x370.jpg 555w, https:\/\/www.hdu.pt\/hdu\/wp-content\/uploads\/2018\/04\/MG_3427-300x200.jpg 300w, https:\/\/www.hdu.pt\/hdu\/wp-content\/uploads\/2018\/04\/MG_3427-272x182.jpg 272w\" sizes=\"auto, (max-width: 600px) 100vw, 600px\" \/>\n\t\t\t<\/div><\/figure><figure class='gallery-item'>\n\t\t\t<div class='gallery-icon landscape'>\n\t\t\t\t<img loading=\"lazy\" decoding=\"async\" width=\"600\" height=\"400\" src=\"https:\/\/www.hdu.pt\/hdu\/wp-content\/uploads\/2018\/04\/MG_3425-1.jpg\" class=\"attachment-full size-full\" alt=\"\" srcset=\"https:\/\/www.hdu.pt\/hdu\/wp-content\/uploads\/2018\/04\/MG_3425-1.jpg 600w, https:\/\/www.hdu.pt\/hdu\/wp-content\/uploads\/2018\/04\/MG_3425-1-555x370.jpg 555w, https:\/\/www.hdu.pt\/hdu\/wp-content\/uploads\/2018\/04\/MG_3425-1-300x200.jpg 300w, https:\/\/www.hdu.pt\/hdu\/wp-content\/uploads\/2018\/04\/MG_3425-1-272x182.jpg 272w\" sizes=\"auto, (max-width: 600px) 100vw, 600px\" \/>\n\t\t\t<\/div><\/figure><figure class='gallery-item'>\n\t\t\t<div class='gallery-icon landscape'>\n\t\t\t\t<img loading=\"lazy\" decoding=\"async\" width=\"600\" height=\"400\" src=\"https:\/\/www.hdu.pt\/hdu\/wp-content\/uploads\/2018\/04\/MG_3422-1.jpg\" class=\"attachment-full size-full\" alt=\"\" srcset=\"https:\/\/www.hdu.pt\/hdu\/wp-content\/uploads\/2018\/04\/MG_3422-1.jpg 600w, https:\/\/www.hdu.pt\/hdu\/wp-content\/uploads\/2018\/04\/MG_3422-1-555x370.jpg 555w, https:\/\/www.hdu.pt\/hdu\/wp-content\/uploads\/2018\/04\/MG_3422-1-300x200.jpg 300w, https:\/\/www.hdu.pt\/hdu\/wp-content\/uploads\/2018\/04\/MG_3422-1-272x182.jpg 272w\" sizes=\"auto, (max-width: 600px) 100vw, 600px\" \/>\n\t\t\t<\/div><\/figure><figure class='gallery-item'>\n\t\t\t<div class='gallery-icon landscape'>\n\t\t\t\t<img loading=\"lazy\" decoding=\"async\" width=\"600\" height=\"400\" src=\"https:\/\/www.hdu.pt\/hdu\/wp-content\/uploads\/2018\/04\/MG_3417.jpg\" class=\"attachment-full size-full\" alt=\"\" srcset=\"https:\/\/www.hdu.pt\/hdu\/wp-content\/uploads\/2018\/04\/MG_3417.jpg 600w, https:\/\/www.hdu.pt\/hdu\/wp-content\/uploads\/2018\/04\/MG_3417-555x370.jpg 555w, https:\/\/www.hdu.pt\/hdu\/wp-content\/uploads\/2018\/04\/MG_3417-300x200.jpg 300w, https:\/\/www.hdu.pt\/hdu\/wp-content\/uploads\/2018\/04\/MG_3417-272x182.jpg 272w\" sizes=\"auto, (max-width: 600px) 100vw, 600px\" \/>\n\t\t\t<\/div><\/figure><figure class='gallery-item'>\n\t\t\t<div class='gallery-icon landscape'>\n\t\t\t\t<img loading=\"lazy\" decoding=\"async\" width=\"600\" height=\"400\" src=\"https:\/\/www.hdu.pt\/hdu\/wp-content\/uploads\/2018\/04\/MG_3415.jpg\" class=\"attachment-full size-full\" alt=\"\" srcset=\"https:\/\/www.hdu.pt\/hdu\/wp-content\/uploads\/2018\/04\/MG_3415.jpg 600w, https:\/\/www.hdu.pt\/hdu\/wp-content\/uploads\/2018\/04\/MG_3415-555x370.jpg 555w, https:\/\/www.hdu.pt\/hdu\/wp-content\/uploads\/2018\/04\/MG_3415-300x200.jpg 300w, https:\/\/www.hdu.pt\/hdu\/wp-content\/uploads\/2018\/04\/MG_3415-272x182.jpg 272w\" sizes=\"auto, (max-width: 600px) 100vw, 600px\" \/>\n\t\t\t<\/div><\/figure><figure class='gallery-item'>\n\t\t\t<div class='gallery-icon landscape'>\n\t\t\t\t<img loading=\"lazy\" decoding=\"async\" width=\"600\" height=\"400\" src=\"https:\/\/www.hdu.pt\/hdu\/wp-content\/uploads\/2018\/04\/MG_3413.jpg\" class=\"attachment-full size-full\" alt=\"\" srcset=\"https:\/\/www.hdu.pt\/hdu\/wp-content\/uploads\/2018\/04\/MG_3413.jpg 600w, https:\/\/www.hdu.pt\/hdu\/wp-content\/uploads\/2018\/04\/MG_3413-555x370.jpg 555w, https:\/\/www.hdu.pt\/hdu\/wp-content\/uploads\/2018\/04\/MG_3413-300x200.jpg 300w, https:\/\/www.hdu.pt\/hdu\/wp-content\/uploads\/2018\/04\/MG_3413-272x182.jpg 272w\" sizes=\"auto, (max-width: 600px) 100vw, 600px\" \/>\n\t\t\t<\/div><\/figure><figure class='gallery-item'>\n\t\t\t<div class='gallery-icon landscape'>\n\t\t\t\t<img loading=\"lazy\" decoding=\"async\" width=\"600\" height=\"400\" src=\"https:\/\/www.hdu.pt\/hdu\/wp-content\/uploads\/2018\/04\/MG_3412.jpg\" class=\"attachment-full size-full\" alt=\"\" srcset=\"https:\/\/www.hdu.pt\/hdu\/wp-content\/uploads\/2018\/04\/MG_3412.jpg 600w, https:\/\/www.hdu.pt\/hdu\/wp-content\/uploads\/2018\/04\/MG_3412-555x370.jpg 555w, https:\/\/www.hdu.pt\/hdu\/wp-content\/uploads\/2018\/04\/MG_3412-300x200.jpg 300w, https:\/\/www.hdu.pt\/hdu\/wp-content\/uploads\/2018\/04\/MG_3412-272x182.jpg 272w\" sizes=\"auto, (max-width: 600px) 100vw, 600px\" \/>\n\t\t\t<\/div><\/figure>\n\t\t<\/div>\n<\/div><div id=\"panel-98-0-0-2\" class=\"so-panel widget widget_sow-headline\" data-index=\"2\" ><div\n\t\t\t\n\t\t\tclass=\"so-widget-sow-headline so-widget-sow-headline-default-ea0af4cf39ae-98\"\n\t\t\t\n\t\t><div class=\"sow-headline-container \">\n\t<h1 class='sow-headline'>Aceitamos encomendas de sapatos personalizados e \u00e0 medida<\/h1>\t\t\t\t\t<div class=\"decoration\">\n\t\t\t\t\t\t<div class=\"decoration-inside\"><\/div>\n\t\t\t\t\t<\/div>\n\t\t\t\t\t<\/div>\n<\/div><\/div><div id=\"panel-98-0-0-3\" class=\"so-panel widget widget_sow-button panel-last-child\" data-index=\"3\" ><div\n\t\t\t\n\t\t\tclass=\"so-widget-sow-button so-widget-sow-button-atom-0c7877e33d70-98\"\n\t\t\t\n\t\t><div class=\"ow-button-base ow-button-align-center\">\n\t<a\n\thref=\"https:\/\/www.hdu.pt\/hdu\/50-2\/\"\n\t\tclass=\"ow-icon-placement-left ow-button-hover\" \t>\n\t\t<span>\n\t\t\t\n\t\t\tContactar\t\t<\/span>\n\t<\/a>\n<\/div>\n<\/div><\/div><\/div><\/div><\/div><\/div>","protected":false},"excerpt":{"rendered":"<p>DESDE 1928 FABRICAMOS SAPATOS \u00c0 MEDIDA PARA FOLCLORE Produ\u00e7\u00e3o de sapatos &#8211; Folclore &#8211; Sapatos e botas em series limitadas &#8211; Sapato para dan\u00e7a Aceitamos encomendas de sapatos personalizados e \u00e0 medida Contactar<\/p>\n","protected":false},"author":1,"featured_media":0,"parent":0,"menu_order":0,"comment_status":"closed","ping_status":"closed","template":"template-fullwidth.php","meta":{"neve_meta_sidebar":"","neve_meta_container":"","neve_meta_enable_content_width":"","neve_meta_content_width":0,"neve_meta_title_alignment":"","neve_meta_author_avatar":"","neve_post_elements_order":"","neve_meta_disable_header":"","neve_meta_disable_footer":"","neve_meta_disable_title":"","footnotes":""},"class_list":["post-98","page","type-page","status-publish","hentry"],"_links":{"self":[{"href":"https:\/\/www.hdu.pt\/hdu\/wp-json\/wp\/v2\/pages\/98","targetHints":{"allow":["GET"]}}],"collection":[{"href":"https:\/\/www.hdu.pt\/hdu\/wp-json\/wp\/v2\/pages"}],"about":[{"href":"https:\/\/www.hdu.pt\/hdu\/wp-json\/wp\/v2\/types\/page"}],"author":[{"embeddable":true,"href":"https:\/\/www.hdu.pt\/hdu\/wp-json\/wp\/v2\/users\/1"}],"replies":[{"embeddable":true,"href":"https:\/\/www.hdu.pt\/hdu\/wp-json\/wp\/v2\/comments?post=98"}],"version-history":[{"count":22,"href":"https:\/\/www.hdu.pt\/hdu\/wp-json\/wp\/v2\/pages\/98\/revisions"}],"predecessor-version":[{"id":104,"href":"https:\/\/www.hdu.pt\/hdu\/wp-json\/wp\/v2\/pages\/98\/revisions\/104"}],"wp:attachment":[{"href":"https:\/\/www.hdu.pt\/hdu\/wp-json\/wp\/v2\/media?parent=98"}],"curies":[{"name":"wp","href":"https:\/\/api.w.org\/{rel}","templated":true}]}}